{"id":40,"date":"2021-05-14T16:39:57","date_gmt":"2021-05-14T19:39:57","guid":{"rendered":"http:\/\/168.197.49.59\/esdu.ar\/?page_id=40"},"modified":"2025-08-11T10:59:32","modified_gmt":"2025-08-11T13:59:32","slug":"centro-de-empleo","status":"publish","type":"page","link":"https:\/\/esdu.ar\/index.php\/centro-de-empleo\/","title":{"rendered":"Centro de Empleo"},"content":{"rendered":"\t\t<div data-elementor-type=\"wp-page\" data-elementor-id=\"40\" class=\"elementor elementor-40\">\n\t\t\t\t\t\t\t\t\t<section class=\"elementor-section elementor-top-section elementor-element elementor-element-569331c elementor-section-boxed elementor-section-height-default elementor-section-height-default\" data-id=\"569331c\" data-element_type=\"section\">\n\t\t\t\t\t\t<div class=\"elementor-container elementor-column-gap-default\">\n\t\t\t\t\t<div class=\"elementor-column elementor-col-100 elementor-top-column elementor-element elementor-element-227f65d\" data-id=\"227f65d\" data-element_type=\"column\">\n\t\t\t<div class=\"elementor-widget-wrap elementor-element-populated\">\n\t\t\t\t\t\t\t\t<div class=\"elementor-element elementor-element-f3ed5a0 elementor-widget elementor-widget-text-editor\" data-id=\"f3ed5a0\" data-element_type=\"widget\" data-widget_type=\"text-editor.default\">\n\t\t\t\t<div class=\"elementor-widget-container\">\n\t\t\t\t\t\t\t<p>La Escuela del Servicio Dom\u00e9stico UPACP pone a disposici\u00f3n de su alumnado y empleadores\/as un Centro de Empleo totalmente gratuito para ambas partes.<\/p><p>Si sos alumna o alumno de la ESDU y aprobaste alguno de nuestros cursos de formaci\u00f3n profesional pod\u00e9s inscribirte en el Centro de Empleo.<\/p><p>Si est\u00e1s buscando personal de casas particulares esta es tu oportunidad, contamos con personal calificado, y servicio de atenci\u00f3n personalizo.<\/p><p>Comunicate con nosotros o acercarte a alguna de nuestras sedes para que te brindemos toda la informaci\u00f3n.<\/p><p>\u00a1Te esperamos!<\/p>\t\t\t\t\t\t<\/div>\n\t\t\t\t<\/div>\n\t\t\t\t<div class=\"elementor-element elementor-element-226393a elementor-widget elementor-widget-text-editor\" data-id=\"226393a\" data-element_type=\"widget\" data-widget_type=\"text-editor.default\">\n\t\t\t\t<div class=\"elementor-widget-container\">\n\t\t\t\t\t\t\t<p><strong>WhatsApp:\u00a0<\/strong><a href=\"http:\/\/wa.me\/5491165151945\" target=\"_blank\" rel=\"noopener\">11-6515-1945<\/a><\/p>\t\t\t\t\t\t<\/div>\n\t\t\t\t<\/div>\n\t\t\t\t\t<\/div>\n\t\t<\/div>\n\t\t\t\t\t\t\t<\/div>\n\t\t<\/section>\n\t\t\t\t<section class=\"elementor-section elementor-top-section elementor-element elementor-element-d156e10 elementor-section-boxed elementor-section-height-default elementor-section-height-default\" data-id=\"d156e10\" data-element_type=\"section\">\n\t\t\t\t\t\t<div class=\"elementor-container elementor-column-gap-default\">\n\t\t\t\t\t<div class=\"elementor-column elementor-col-100 elementor-top-column elementor-element elementor-element-dd4d19a\" data-id=\"dd4d19a\" data-element_type=\"column\">\n\t\t\t<div class=\"elementor-widget-wrap elementor-element-populated\">\n\t\t\t\t\t\t\t\t<div class=\"elementor-element elementor-element-a97c2d2 elementor-widget elementor-widget-image\" data-id=\"a97c2d2\" data-element_type=\"widget\" data-widget_type=\"image.default\">\n\t\t\t\t<div class=\"elementor-widget-container\">\n\t\t\t\t\t\t\t\t\t\t\t\t\t\t\t<img fetchpriority=\"high\" decoding=\"async\" width=\"1024\" height=\"1024\" src=\"https:\/\/esdu.ar\/wp-content\/uploads\/2025\/08\/WhatsApp-Image-2021-06-10-at-10.47.41-1024x1024.jpeg\" class=\"attachment-large size-large wp-image-774\" alt=\"\" srcset=\"https:\/\/esdu.ar\/wp-content\/uploads\/2025\/08\/WhatsApp-Image-2021-06-10-at-10.47.41-1024x1024.jpeg 1024w, https:\/\/esdu.ar\/wp-content\/uploads\/2025\/08\/WhatsApp-Image-2021-06-10-at-10.47.41-300x300.jpeg 300w, https:\/\/esdu.ar\/wp-content\/uploads\/2025\/08\/WhatsApp-Image-2021-06-10-at-10.47.41-150x150.jpeg 150w, https:\/\/esdu.ar\/wp-content\/uploads\/2025\/08\/WhatsApp-Image-2021-06-10-at-10.47.41-768x768.jpeg 768w, https:\/\/esdu.ar\/wp-content\/uploads\/2025\/08\/WhatsApp-Image-2021-06-10-at-10.47.41.jpeg 1078w\" sizes=\"(max-width: 1024px) 100vw, 1024px\" \/>\t\t\t\t\t\t\t\t\t\t\t\t\t\t\t<\/div>\n\t\t\t\t<\/div>\n\t\t\t\t\t<\/div>\n\t\t<\/div>\n\t\t\t\t\t\t\t<\/div>\n\t\t<\/section>\n\t\t\t\t<section class=\"elementor-section elementor-top-section elementor-element elementor-element-0763872 elementor-section-boxed elementor-section-height-default elementor-section-height-default\" data-id=\"0763872\" data-element_type=\"section\">\n\t\t\t\t\t\t<div class=\"elementor-container elementor-column-gap-default\">\n\t\t\t\t\t<div class=\"elementor-column elementor-col-100 elementor-top-column elementor-element elementor-element-d41724d\" data-id=\"d41724d\" data-element_type=\"column\">\n\t\t\t<div class=\"elementor-widget-wrap\">\n\t\t\t\t\t\t\t\t\t<\/div>\n\t\t<\/div>\n\t\t\t\t\t\t\t<\/div>\n\t\t<\/section>\n\t\t\t\t<section class=\"elementor-section elementor-top-section elementor-element elementor-element-3c3050c elementor-section-boxed elementor-section-height-default elementor-section-height-default\" data-id=\"3c3050c\" data-element_type=\"section\">\n\t\t\t\t\t\t<div class=\"elementor-container elementor-column-gap-default\">\n\t\t\t\t\t<div class=\"elementor-column elementor-col-100 elementor-top-column elementor-element elementor-element-a692e98\" data-id=\"a692e98\" data-element_type=\"column\">\n\t\t\t<div class=\"elementor-widget-wrap\">\n\t\t\t\t\t\t\t\t\t<\/div>\n\t\t<\/div>\n\t\t\t\t\t\t\t<\/div>\n\t\t<\/section>\n\t\t\t\t\t\t\t<\/div>\n\t\t","protected":false},"excerpt":{"rendered":"<p>La Escuela del Servicio Dom\u00e9stico UPACP pone a disposici\u00f3n de su alumnado y empleadores\/as un Centro de Empleo totalmente gratuito para ambas partes. Si sos alumna o alumno de la ESDU y aprobaste alguno de nuestros cursos de formaci\u00f3n profesional pod\u00e9s inscribirte en el Centro de Empleo. Si est\u00e1s buscando personal de casas particulares esta&hellip;&nbsp;<a href=\"https:\/\/esdu.ar\/index.php\/centro-de-empleo\/\" class=\"\" rel=\"bookmark\">Leer m\u00e1s &raquo;<span class=\"screen-reader-text\">Centro de Empleo<\/span><\/a><\/p>\n","protected":false},"author":1,"featured_media":0,"parent":0,"menu_order":0,"comment_status":"closed","ping_status":"closed","template":"","meta":{"neve_meta_sidebar":"","neve_meta_container":"","neve_meta_enable_content_width":"","neve_meta_content_width":0,"neve_meta_title_alignment":"","neve_meta_author_avatar":"","neve_post_elements_order":"","neve_meta_disable_header":"","neve_meta_disable_footer":"","neve_meta_disable_title":"","footnotes":""},"class_list":["post-40","page","type-page","status-publish","hentry"],"_links":{"self":[{"href":"https:\/\/esdu.ar\/index.php\/wp-json\/wp\/v2\/pages\/40","targetHints":{"allow":["GET"]}}],"collection":[{"href":"https:\/\/esdu.ar\/index.php\/wp-json\/wp\/v2\/pages"}],"about":[{"href":"https:\/\/esdu.ar\/index.php\/wp-json\/wp\/v2\/types\/page"}],"author":[{"embeddable":true,"href":"https:\/\/esdu.ar\/index.php\/wp-json\/wp\/v2\/users\/1"}],"replies":[{"embeddable":true,"href":"https:\/\/esdu.ar\/index.php\/wp-json\/wp\/v2\/comments?post=40"}],"version-history":[{"count":29,"href":"https:\/\/esdu.ar\/index.php\/wp-json\/wp\/v2\/pages\/40\/revisions"}],"predecessor-version":[{"id":836,"href":"https:\/\/esdu.ar\/index.php\/wp-json\/wp\/v2\/pages\/40\/revisions\/836"}],"wp:attachment":[{"href":"https:\/\/esdu.ar\/index.php\/wp-json\/wp\/v2\/media?parent=40"}],"curies":[{"name":"wp","href":"https:\/\/api.w.org\/{rel}","templated":true}]}}