{"id":42,"date":"2021-05-14T16:39:57","date_gmt":"2021-05-14T19:39:57","guid":{"rendered":"http:\/\/168.197.49.59\/esdu.ar\/?page_id=42"},"modified":"2025-08-08T14:30:44","modified_gmt":"2025-08-08T17:30:44","slug":"reglamento","status":"publish","type":"page","link":"https:\/\/esdu.ar\/index.php\/reglamento\/","title":{"rendered":"Reglamento"},"content":{"rendered":"\t\t<div data-elementor-type=\"wp-page\" data-elementor-id=\"42\" class=\"elementor elementor-42\">\n\t\t\t\t\t\t\t\t\t<section class=\"elementor-section elementor-top-section elementor-element elementor-element-4b19907c elementor-section-boxed elementor-section-height-default elementor-section-height-default\" data-id=\"4b19907c\" data-element_type=\"section\">\n\t\t\t\t\t\t<div class=\"elementor-container elementor-column-gap-default\">\n\t\t\t\t\t<div class=\"elementor-column elementor-col-100 elementor-top-column elementor-element elementor-element-59136a2e\" data-id=\"59136a2e\" data-element_type=\"column\">\n\t\t\t<div class=\"elementor-widget-wrap elementor-element-populated\">\n\t\t\t\t\t\t\t\t<div class=\"elementor-element elementor-element-6ecfb8aa elementor-widget elementor-widget-text-editor\" data-id=\"6ecfb8aa\" data-element_type=\"widget\" data-widget_type=\"text-editor.default\">\n\t\t\t\t<div class=\"elementor-widget-container\">\n\t\t\t\t\t\t\t<p><!-- wp:paragraph --><\/p>\n<p>La capacitaci\u00f3n de la Escuela busca la excelencia del conocimiento en aras de la jerarquizaci\u00f3n y profesionalizaci\u00f3n del personal del servicio dom\u00e9stico con miras a un mejor puesto de trabajo.<br \/>Normas de convivencia:<\/p>\n<p><!-- \/wp:paragraph --><!-- wp:list --><\/p>\n<ul>\n<li>Las\/los alumnas\/os deber\u00e1n presentar al inicio del M\u00f3dulo o Curso fotocopia del Documento Nacional de Identidad, del CUIL y las\/los afiliadas\/os fotocopia del \u00faltimo recibo de pago de la OSPACP y a la UPACP.<\/li>\n<li>Las\/los alumnas\/os que aprueben el M\u00f3dulo o Curso recibir\u00e1n la acreditaci\u00f3n o certificadocorrespondiente.<\/li>\n<li>Las\/los alumnos deber\u00e1n realizar una evaluaci\u00f3n para acreditar el M\u00f3dulo o Curso pertinente.<\/li>\n<li>Las\/los alumnas\/os recibir\u00e1n un certificado de idoneidad una vez acreditado el Ciclo o el total delos M\u00f3dulos de un Curso.<\/li>\n<li>Para iniciar un Ciclo Superior deber\u00e1n tenerse aprobadas la totalidad de las materias del Ciclo Anterior<\/li>\n<li>El m\u00ednimo de alumnas\/os para abrir un curso o m\u00f3dulo es de diez y quince seg\u00fan sean afiliados o derivados por la Secretar\u00eda de Trabajo, Empleo y Seguridad Social, respectivamente; pudiendo ser reubicadas\/os en otras materias cuando no se alcance dicho n\u00famero.<\/li>\n<li>A las\/los alumnas\/os se le proveer\u00e1n los insumos y materiales que se usen durante el dictado de las clases siendo por ende totalmente gratuitas.<\/li>\n<li>Est\u00e1 prohibida la Venta dentro de la Instituci\u00f3n.<\/li>\n<\/ul>\n<p><!-- \/wp:list --><!-- wp:paragraph --><\/p>\n<p>\u00a0<\/p>\n<p><!-- \/wp:paragraph --><\/p>\t\t\t\t\t\t<\/div>\n\t\t\t\t<\/div>\n\t\t\t\t\t<\/div>\n\t\t<\/div>\n\t\t\t\t\t\t\t<\/div>\n\t\t<\/section>\n\t\t\t\t\t\t\t<\/div>\n\t\t","protected":false},"excerpt":{"rendered":"<p>La capacitaci\u00f3n de la Escuela busca la excelencia del conocimiento en aras de la jerarquizaci\u00f3n y profesionalizaci\u00f3n del personal del servicio dom\u00e9stico con miras a un mejor puesto de trabajo.Normas de convivencia: Las\/los alumnas\/os deber\u00e1n presentar al inicio del M\u00f3dulo o Curso fotocopia del Documento Nacional de Identidad, del CUIL y las\/los afiliadas\/os fotocopia del&hellip;&nbsp;<a href=\"https:\/\/esdu.ar\/index.php\/reglamento\/\" class=\"\" rel=\"bookmark\">Leer m\u00e1s &raquo;<span class=\"screen-reader-text\">Reglamento<\/span><\/a><\/p>\n","protected":false},"author":1,"featured_media":0,"parent":0,"menu_order":0,"comment_status":"closed","ping_status":"closed","template":"","meta":{"neve_meta_sidebar":"","neve_meta_container":"","neve_meta_enable_content_width":"","neve_meta_content_width":0,"neve_meta_title_alignment":"","neve_meta_author_avatar":"","neve_post_elements_order":"","neve_meta_disable_header":"","neve_meta_disable_footer":"","neve_meta_disable_title":"","footnotes":""},"class_list":["post-42","page","type-page","status-publish","hentry"],"_links":{"self":[{"href":"https:\/\/esdu.ar\/index.php\/wp-json\/wp\/v2\/pages\/42","targetHints":{"allow":["GET"]}}],"collection":[{"href":"https:\/\/esdu.ar\/index.php\/wp-json\/wp\/v2\/pages"}],"about":[{"href":"https:\/\/esdu.ar\/index.php\/wp-json\/wp\/v2\/types\/page"}],"author":[{"embeddable":true,"href":"https:\/\/esdu.ar\/index.php\/wp-json\/wp\/v2\/users\/1"}],"replies":[{"embeddable":true,"href":"https:\/\/esdu.ar\/index.php\/wp-json\/wp\/v2\/comments?post=42"}],"version-history":[{"count":14,"href":"https:\/\/esdu.ar\/index.php\/wp-json\/wp\/v2\/pages\/42\/revisions"}],"predecessor-version":[{"id":784,"href":"https:\/\/esdu.ar\/index.php\/wp-json\/wp\/v2\/pages\/42\/revisions\/784"}],"wp:attachment":[{"href":"https:\/\/esdu.ar\/index.php\/wp-json\/wp\/v2\/media?parent=42"}],"curies":[{"name":"wp","href":"https:\/\/api.w.org\/{rel}","templated":true}]}}